{"id":1520,"date":"2025-05-21T18:31:42","date_gmt":"2025-05-21T18:31:42","guid":{"rendered":"https:\/\/digilocal.com.br\/grupouv\/?page_id=1520"},"modified":"2025-05-21T18:58:41","modified_gmt":"2025-05-21T18:58:41","slug":"camiseta-personalizada","status":"publish","type":"page","link":"https:\/\/digilocal.com.br\/grupouv\/camiseta-personalizada\/","title":{"rendered":"Camiseta Personalizada"},"content":{"rendered":"\t\t<div data-elementor-type=\"wp-page\" data-elementor-id=\"1520\" class=\"elementor elementor-1520\" data-elementor-post-type=\"page\">\n\t\t\t\t<div class=\"elementor-element elementor-element-99e6aef e-flex e-con-boxed e-con e-parent\" data-id=\"99e6aef\" data-element_type=\"container\">\n\t\t\t\t\t<div class=\"e-con-inner\">\n\t\t\t\t<div class=\"elementor-element elementor-element-1628bff elementor-widget elementor-widget-heading\" data-id=\"1628bff\" data-element_type=\"widget\" data-widget_type=\"heading.default\">\n\t\t\t\t<div class=\"elementor-widget-container\">\n\t\t\t\t\t<h2 class=\"elementor-heading-title elementor-size-default\">Camiseta Personalizada<\/h2>\t\t\t\t<\/div>\n\t\t\t\t<\/div>\n\t\t\t\t\t<\/div>\n\t\t\t\t<\/div>\n\t\t<div class=\"elementor-element elementor-element-3a8393d e-flex e-con-boxed e-con e-parent\" data-id=\"3a8393d\" data-element_type=\"container\">\n\t\t\t\t\t<div class=\"e-con-inner\">\n\t\t<div class=\"elementor-element elementor-element-043b446 e-con-full e-flex e-con e-child\" data-id=\"043b446\" data-element_type=\"container\">\n\t\t<div class=\"elementor-element elementor-element-5a00e5e e-con-full e-flex e-con e-child\" data-id=\"5a00e5e\" data-element_type=\"container\">\n\t\t\t\t<div class=\"elementor-element elementor-element-0e6bc33 elementor-widget elementor-widget-text-editor\" data-id=\"0e6bc33\" data-element_type=\"widget\" data-widget_type=\"text-editor.default\">\n\t\t\t\t<div class=\"elementor-widget-container\">\n\t\t\t\t\t\t\t\t\t<p><span style=\"font-weight: 400;\">Trabalhamos com uma grande variedade de tecidos para atender as diversas necessidades do mercado, ideal para confec\u00e7\u00e3o de camisetas para equipe de vendas, promotores, atividades esportivas e necessidades de prote\u00e7\u00e3o UV.<\/span><\/p><p><span style=\"font-weight: 400;\">Detalhes:<\/span><\/p><ul><li style=\"font-weight: 400;\" aria-level=\"1\"><span style=\"font-weight: 400;\">100% algod\u00e3o fio 30.1 penteado<\/span><\/li><li style=\"font-weight: 400;\" aria-level=\"1\"><span style=\"font-weight: 400;\">100% poli\u00e9ster dry fit UV<\/span><\/li><li style=\"font-weight: 400;\" aria-level=\"1\"><span style=\"font-weight: 400;\">90% poli\u00e9ster \/ 10% elastano dry fit UV<\/span><\/li><li style=\"font-weight: 400;\" aria-level=\"1\"><span style=\"font-weight: 400;\">100% Poliamida dry fit UV<\/span><\/li><li style=\"font-weight: 400;\" aria-level=\"1\"><span style=\"font-weight: 400;\">Malha PA piquet<\/span><\/li><\/ul><p><span style=\"font-weight: 400;\">Entre em contato agora mesmo com nossa equipe comercial para receber um or\u00e7amento.<\/span><\/p>\t\t\t\t\t\t\t\t<\/div>\n\t\t\t\t<\/div>\n\t\t\t\t<div class=\"elementor-element elementor-element-64c4f22 elementor-align-center elementor-widget elementor-widget-button\" data-id=\"64c4f22\" data-element_type=\"widget\" data-widget_type=\"button.default\">\n\t\t\t\t<div class=\"elementor-widget-container\">\n\t\t\t\t\t\t\t\t\t<div class=\"elementor-button-wrapper\">\n\t\t\t\t\t<a class=\"elementor-button elementor-button-link elementor-size-sm\" href=\"https:\/\/api.whatsapp.com\/send\/?phone=5511997267772&#038;text=Ol%C3%A1%2C+vim+do+site+e+gostaria+de+mais+informa%C3%A7%C3%B5es+sobre+os+servi%C3%A7os+da+UV+Protech.&#038;type=phone_number&#038;app_absent=0\" target=\"_blank\">\n\t\t\t\t\t\t<span class=\"elementor-button-content-wrapper\">\n\t\t\t\t\t\t\t\t\t<span class=\"elementor-button-text\">Or\u00e7amento<\/span>\n\t\t\t\t\t<\/span>\n\t\t\t\t\t<\/a>\n\t\t\t\t<\/div>\n\t\t\t\t\t\t\t\t<\/div>\n\t\t\t\t<\/div>\n\t\t\t\t<\/div>\n\t\t\t\t<\/div>\n\t\t<div class=\"elementor-element elementor-element-957af15 e-con-full e-flex e-con e-child\" data-id=\"957af15\" data-element_type=\"container\">\n\t\t\t\t<div class=\"elementor-element elementor-element-71473d1 elementor-widget elementor-widget-image\" data-id=\"71473d1\" data-element_type=\"widget\" data-widget_type=\"image.default\">\n\t\t\t\t<div class=\"elementor-widget-container\">\n\t\t\t\t\t\t\t\t\t\t\t\t\t\t\t<img fetchpriority=\"high\" decoding=\"async\" width=\"1024\" height=\"1024\" src=\"https:\/\/digilocal.com.br\/grupouv\/wp-content\/uploads\/2025\/05\/Camiseta-personalizada-scaled-1-1024x1024.jpg\" class=\"attachment-large size-large wp-image-1334\" alt=\"\" srcset=\"https:\/\/digilocal.com.br\/grupouv\/wp-content\/uploads\/2025\/05\/Camiseta-personalizada-scaled-1-1024x1024.jpg 1024w, https:\/\/digilocal.com.br\/grupouv\/wp-content\/uploads\/2025\/05\/Camiseta-personalizada-scaled-1-300x300.jpg 300w, https:\/\/digilocal.com.br\/grupouv\/wp-content\/uploads\/2025\/05\/Camiseta-personalizada-scaled-1-150x150.jpg 150w, https:\/\/digilocal.com.br\/grupouv\/wp-content\/uploads\/2025\/05\/Camiseta-personalizada-scaled-1-768x768.jpg 768w, https:\/\/digilocal.com.br\/grupouv\/wp-content\/uploads\/2025\/05\/Camiseta-personalizada-scaled-1-1536x1536.jpg 1536w, https:\/\/digilocal.com.br\/grupouv\/wp-content\/uploads\/2025\/05\/Camiseta-personalizada-scaled-1-2048x2048.jpg 2048w\" sizes=\"(max-width: 1024px) 100vw, 1024px\" \/>\t\t\t\t\t\t\t\t\t\t\t\t\t\t\t<\/div>\n\t\t\t\t<\/div>\n\t\t\t\t<\/div>\n\t\t\t\t\t<\/div>\n\t\t\t\t<\/div>\n\t\t\t\t<\/div>\n\t\t","protected":false},"excerpt":{"rendered":"<p>Camiseta Personalizada Trabalhamos com uma grande variedade de tecidos para atender as diversas necessidades do mercado, ideal para confec\u00e7\u00e3o de camisetas para equipe de vendas, promotores, atividades esportivas e necessidades de prote\u00e7\u00e3o UV. Detalhes: 100% algod\u00e3o fio 30.1 penteado 100% poli\u00e9ster dry fit UV 90% poli\u00e9ster \/ 10% elastano dry fit UV 100% Poliamida dry [&hellip;]<\/p>\n","protected":false},"author":1,"featured_media":0,"parent":0,"menu_order":0,"comment_status":"closed","ping_status":"closed","template":"","meta":{"site-sidebar-layout":"no-sidebar","site-content-layout":"page-builder","ast-site-content-layout":"full-width-container","site-content-style":"default","site-sidebar-style":"default","ast-global-header-display":"","ast-banner-title-visibility":"","ast-main-header-display":"","ast-hfb-above-header-display":"","ast-hfb-below-header-display":"","ast-hfb-mobile-header-display":"","site-post-title":"disabled","ast-breadcrumbs-content":"","ast-featured-img":"disabled","footer-sml-layout":"","theme-transparent-header-meta":"","adv-header-id-meta":"","stick-header-meta":"","header-above-stick-meta":"","header-main-stick-meta":"","header-below-stick-meta":"","astra-migrate-meta-layouts":"set","ast-page-background-enabled":"default","ast-page-background-meta":{"desktop":{"background-color":"","background-image":"","background-repeat":"repeat","background-position":"center center","background-size":"auto","background-attachment":"scroll","background-type":"","background-media":"","overlay-type":"","overlay-color":"","overlay-opacity":"","overlay-gradient":""},"tablet":{"background-color":"","background-image":"","background-repeat":"repeat","background-position":"center center","background-size":"auto","background-attachment":"scroll","background-type":"","background-media":"","overlay-type":"","overlay-color":"","overlay-opacity":"","overlay-gradient":""},"mobile":{"background-color":"","background-image":"","background-repeat":"repeat","background-position":"center center","background-size":"auto","background-attachment":"scroll","background-type":"","background-media":"","overlay-type":"","overlay-color":"","overlay-opacity":"","overlay-gradient":""}},"ast-content-background-meta":{"desktop":{"background-color":"var(--ast-global-color-5)","background-image":"","background-repeat":"repeat","background-position":"center center","background-size":"auto","background-attachment":"scroll","background-type":"","background-media":"","overlay-type":"","overlay-color":"","overlay-opacity":"","overlay-gradient":""},"tablet":{"background-color":"var(--ast-global-color-5)","background-image":"","background-repeat":"repeat","background-position":"center center","background-size":"auto","background-attachment":"scroll","background-type":"","background-media":"","overlay-type":"","overlay-color":"","overlay-opacity":"","overlay-gradient":""},"mobile":{"background-color":"var(--ast-global-color-5)","background-image":"","background-repeat":"repeat","background-position":"center center","background-size":"auto","background-attachment":"scroll","background-type":"","background-media":"","overlay-type":"","overlay-color":"","overlay-opacity":"","overlay-gradient":""}},"footnotes":""},"class_list":["post-1520","page","type-page","status-publish","hentry"],"_links":{"self":[{"href":"https:\/\/digilocal.com.br\/grupouv\/wp-json\/wp\/v2\/pages\/1520","targetHints":{"allow":["GET"]}}],"collection":[{"href":"https:\/\/digilocal.com.br\/grupouv\/wp-json\/wp\/v2\/pages"}],"about":[{"href":"https:\/\/digilocal.com.br\/grupouv\/wp-json\/wp\/v2\/types\/page"}],"author":[{"embeddable":true,"href":"https:\/\/digilocal.com.br\/grupouv\/wp-json\/wp\/v2\/users\/1"}],"replies":[{"embeddable":true,"href":"https:\/\/digilocal.com.br\/grupouv\/wp-json\/wp\/v2\/comments?post=1520"}],"version-history":[{"count":8,"href":"https:\/\/digilocal.com.br\/grupouv\/wp-json\/wp\/v2\/pages\/1520\/revisions"}],"predecessor-version":[{"id":1534,"href":"https:\/\/digilocal.com.br\/grupouv\/wp-json\/wp\/v2\/pages\/1520\/revisions\/1534"}],"wp:attachment":[{"href":"https:\/\/digilocal.com.br\/grupouv\/wp-json\/wp\/v2\/media?parent=1520"}],"curies":[{"name":"wp","href":"https:\/\/api.w.org\/{rel}","templated":true}]}}